{"id":942,"date":"2023-02-25T09:51:45","date_gmt":"2023-02-25T09:51:45","guid":{"rendered":"https:\/\/compakt.ro\/index.php\/product\/compakt-pelicula-cauciucata-spray\/"},"modified":"2025-12-10T14:52:39","modified_gmt":"2025-12-10T14:52:39","slug":"compakt-pelicula-cauciucata-spray","status":"publish","type":"product","link":"https:\/\/compakt.ro\/index.php\/product\/compakt-pelicula-cauciucata-spray\/","title":{"rendered":"COMPAKT\u00ae Pelicul\u0103 Cauciucat\u0103 Spray"},"content":{"rendered":"<div style=\"width: 1920px;\" class=\"wp-video\"><video class=\"wp-video-shortcode\" id=\"video-942-1\" width=\"1920\" height=\"1080\" preload=\"metadata\" controls=\"controls\"><source type=\"video\/mp4\" src=\"https:\/\/compakt.ro\/wp-content\/uploads\/2025\/12\/2025_10_20_COMPAKT_02_PELICULA-CAUCIUCATA_r4.mp4?_=1\" \/><a href=\"https:\/\/compakt.ro\/wp-content\/uploads\/2025\/12\/2025_10_20_COMPAKT_02_PELICULA-CAUCIUCATA_r4.mp4\">https:\/\/compakt.ro\/wp-content\/uploads\/2025\/12\/2025_10_20_COMPAKT_02_PELICULA-CAUCIUCATA_r4.mp4<\/a><\/video><\/div>\n<p><strong><br \/>\nCOMPAKT\u00ae Pelicul\u0103 Cauciucat\u0103 Spray<\/strong> spray este un produs foarte u\u0219or \u0219i rapid de utilizat pentru umplerea \u0219i etan\u0219area rapid\u0103 a fisurilor, cr\u0103p\u0103turilor, scurgerilor \u0219i orificiilor de mici dimensiuni. Creeaz\u0103 un strat impermeabil, flexibil \u015fi durabil care previne p\u0103trunderea \u0219i ie\u0219irea umezelii \u0219i respectiv apari\u021bia coroziunii pe o gam\u0103 larg\u0103 de suprafe\u021be preten\u021bioase.<\/p>\n<p>Este un produs bazat pe cauciuc sintetic, vopsibil \u015fi cu uscare rapid\u0103.<\/p>\n<h3>Beneficii:<\/h3>\n<ul>\n<li>vopsibil<\/li>\n<li>aplicare rapid\u0103<\/li>\n<li>etan\u0219are eficient\u0103<\/li>\n<li>disponibil \u00een 2 variante : negru \u0219i transparent<\/li>\n<\/ul>\n<h3>Aplica\u021bii:<\/h3>\n<p>Produsul este adecvat pentru majoritatea suprafe\u021belor, incluz\u00e2nd: metal, metal galvanizat, aluminiu, beton, lemn, ceramic\u0103, PVC, acoperi\u0219uri bituminoase, zid\u0103rie, ciment. Este recomandat pentru aplic\u0103ri u\u015foare \u015fi rapide de tip etan\u0219are, cum sunt:<\/p>\n<ul>\n<li>scurgeri prin acoperi\u015f;<\/li>\n<li>t\u0103vi colectoare;<\/li>\n<li>elemente de racord;<\/li>\n<li>fisuri \u00een ciment \u015fi asfalt;<\/li>\n<li>\u00eembin\u0103ri de sudur\u0103;<\/li>\n<li>jgheaburi \u015fi burlane;<\/li>\n<li>conducte;<\/li>\n<li>conservarea st\u00e2lpilor \u0219i lemnului;<\/li>\n<li>\u0219asiurile vehiculelor;<\/li>\n<li>furtunuri \u0219i \u021bevi din PVC;<\/li>\n<li>f\u00e2nt\u00e2ni;<\/li>\n<li>funda\u021bii sub nivelul solului.<\/li>\n<\/ul>\n<p>Produsul este caracterizat de o uscare rapid\u0103 \u015fi se poate vopsi pe deasupra (cu vopsele pe baz\u0103 de ap\u0103, latex sau ulei).<\/p>\n<h6><a href=\"https:\/\/compakt.ro\/wp-content\/uploads\/2023\/02\/FISATE1-6.pdf\"><img loading=\"lazy\" decoding=\"async\" class=\"alignnone size-full wp-image-1257\" src=\"https:\/\/compakt.ro\/wp-content\/uploads\/2023\/02\/transparent-2.png\" alt=\"\" width=\"72\" height=\"72\" \/>Fi\u0219\u0103 tehnic\u0103<\/a><\/h6>\n<h6><a href=\"https:\/\/compakt.ro\/wp-content\/uploads\/2023\/02\/FISADE1-8.pdf\"><img loading=\"lazy\" decoding=\"async\" class=\"alignnone size-full wp-image-1257\" src=\"https:\/\/compakt.ro\/wp-content\/uploads\/2023\/02\/transparent-2.png\" alt=\"\" width=\"72\" height=\"72\" \/>Fi\u0219\u0103 de securitate<\/a><\/h6>\n<h6><\/h6>\n","protected":false},"excerpt":{"rendered":"<p>COMPAKT\u00ae Pelicul\u0103 Cauciucat\u0103 Spray spray este un produs foarte u\u0219or \u0219i rapid de utilizat pentru umplerea \u0219i etan\u0219area rapid\u0103 a fisurilor, cr\u0103p\u0103turilor, scurgerilor \u0219i orificiilor de mici dimensiuni. Creeaz\u0103 un strat impermeabil, flexibil \u015fi durabil care previne p\u0103trunderea \u0219i ie\u0219irea umezelii \u0219i respectiv apari\u021bia coroziunii pe o gam\u0103 larg\u0103 de suprafe\u021be preten\u021bioase. Este un produs &hellip;<\/p>\n<p class=\"read-more\"> <a class=\"\" href=\"https:\/\/compakt.ro\/index.php\/product\/compakt-pelicula-cauciucata-spray\/\"> <span class=\"screen-reader-text\">COMPAKT\u00ae Pelicul\u0103 Cauciucat\u0103 Spray<\/span> Read More &raquo;<\/a><\/p>\n","protected":false},"featured_media":1311,"template":"","meta":{"site-sidebar-layout":"default","site-content-layout":"default","ast-site-content-layout":"default","site-content-style":"default","site-sidebar-style":"default","ast-global-header-display":"","ast-banner-title-visibility":"","ast-main-header-display":"","ast-hfb-above-header-display":"","ast-hfb-below-header-display":"","ast-hfb-mobile-header-display":"","site-post-title":"","ast-breadcrumbs-content":"","ast-featured-img":"","footer-sml-layout":"","theme-transparent-header-meta":"default","adv-header-id-meta":"","stick-header-meta":"","header-above-stick-meta":"","header-main-stick-meta":"","header-below-stick-meta":"","astra-migrate-meta-layouts":"set"},"product_cat":[33],"product_tag":[],"class_list":["post-942","product","type-product","status-publish","has-post-thumbnail","hentry","product_cat-etansanti-profesionali-compakt","desktop-align-left","tablet-align-left","mobile-align-left"],"_links":{"self":[{"href":"https:\/\/compakt.ro\/index.php\/wp-json\/wp\/v2\/product\/942","targetHints":{"allow":["GET"]}}],"collection":[{"href":"https:\/\/compakt.ro\/index.php\/wp-json\/wp\/v2\/product"}],"about":[{"href":"https:\/\/compakt.ro\/index.php\/wp-json\/wp\/v2\/types\/product"}],"wp:featuredmedia":[{"embeddable":true,"href":"https:\/\/compakt.ro\/index.php\/wp-json\/wp\/v2\/media\/1311"}],"wp:attachment":[{"href":"https:\/\/compakt.ro\/index.php\/wp-json\/wp\/v2\/media?parent=942"}],"wp:term":[{"taxonomy":"product_cat","embeddable":true,"href":"https:\/\/compakt.ro\/index.php\/wp-json\/wp\/v2\/product_cat?post=942"},{"taxonomy":"product_tag","embeddable":true,"href":"https:\/\/compakt.ro\/index.php\/wp-json\/wp\/v2\/product_tag?post=942"}],"curies":[{"name":"wp","href":"https:\/\/api.w.org\/{rel}","templated":true}]}}